{"id":9001,"date":"2021-06-25T20:59:02","date_gmt":"2021-06-25T18:59:02","guid":{"rendered":"https:\/\/tysilio.com\/?page_id=9001"},"modified":"2023-08-04T10:34:04","modified_gmt":"2023-08-04T08:34:04","slug":"contact-us","status":"publish","type":"page","link":"https:\/\/tysilio.com\/en\/contact-us\/","title":{"rendered":"Contact us"},"content":{"rendered":"<div data-elementor-type=\"wp-page\" data-elementor-id=\"9001\" class=\"elementor elementor-9001\" data-elementor-post-type=\"page\">\n\t\t\t\t\t\t<section class=\"elementor-section elementor-top-section elementor-element elementor-element-63ee8ed pt-50 pb-10 pg-contact-section-1 elementor-section-boxed elementor-section-height-default elementor-section-height-default wpr-particle-no wpr-jarallax-no wpr-parallax-no wpr-sticky-section-no\" data-id=\"63ee8ed\" data-element_type=\"section\">\n\t\t\t\t\t\t<div class=\"elementor-container elementor-column-gap-default\">\n\t\t\t\t\t<div class=\"elementor-column elementor-col-100 elementor-top-column elementor-element elementor-element-50a4bbfb pl-xl-100\" data-id=\"50a4bbfb\" data-element_type=\"column\">\n\t\t\t<div class=\"elementor-widget-wrap\">\n\t\t\t\t\t\t\t<\/div>\n\t\t<\/div>\n\t\t\t\t\t<\/div>\n\t\t<\/section>\n\t\t\t\t<section class=\"elementor-section elementor-top-section elementor-element elementor-element-6ed8a156 map-filiales pt-0 pb-0 elementor-section-boxed elementor-section-height-default elementor-section-height-default wpr-particle-no wpr-jarallax-no wpr-parallax-no wpr-sticky-section-no\" data-id=\"6ed8a156\" data-element_type=\"section\">\n\t\t\t\t\t\t<div class=\"elementor-container elementor-column-gap-default\">\n\t\t\t\t\t<div class=\"elementor-column elementor-col-100 elementor-top-column elementor-element elementor-element-1306b158\" data-id=\"1306b158\" data-element_type=\"column\">\n\t\t\t<div class=\"elementor-widget-wrap\">\n\t\t\t\t\t\t\t<\/div>\n\t\t<\/div>\n\t\t\t\t\t<\/div>\n\t\t<\/section>\n\t\t\t\t<section class=\"elementor-section elementor-top-section elementor-element elementor-element-69667305 section-infos-filiales pt-10 pb-10 elementor-section-boxed elementor-section-height-default elementor-section-height-default wpr-particle-no wpr-jarallax-no wpr-parallax-no wpr-sticky-section-no\" data-id=\"69667305\" data-element_type=\"section\">\n\t\t\t\t\t\t<div class=\"elementor-container elementor-column-gap-default\">\n\t\t\t\t\t<div class=\"elementor-column elementor-col-33 elementor-top-column elementor-element elementor-element-73a473b7\" data-id=\"73a473b7\" data-element_type=\"column\">\n\t\t\t<div class=\"elementor-widget-wrap elementor-element-populated\">\n\t\t\t\t\t\t<div class=\"elementor-element elementor-element-343bafb7 elementor-position-top elementor-invisible elementor-widget elementor-widget-image-box\" data-id=\"343bafb7\" data-element_type=\"widget\" data-settings=\"{&quot;_animation&quot;:&quot;fadeInUp&quot;,&quot;_animation_delay&quot;:200}\" data-widget_type=\"image-box.default\">\n\t\t\t\t<div class=\"elementor-widget-container\">\n\t\t\t\t\t<div class=\"elementor-image-box-wrapper\"><figure class=\"elementor-image-box-img\"><img fetchpriority=\"high\" decoding=\"async\" width=\"415\" height=\"224\" src=\"https:\/\/tysilio.com\/wp-content\/uploads\/2021\/06\/TYSILIO_PARIS.jpg\" class=\"attachment-full size-full wp-image-7887\" alt=\"\" \/><\/figure><div class=\"elementor-image-box-content\"><h3 class=\"elementor-image-box-title\">Tysilio Development<\/h3><\/div><\/div>\t\t\t\t<\/div>\n\t\t\t\t<\/div>\n\t\t\t\t\t<\/div>\n\t\t<\/div>\n\t\t\t\t<div class=\"elementor-column elementor-col-33 elementor-top-column elementor-element elementor-element-158e7229\" data-id=\"158e7229\" data-element_type=\"column\">\n\t\t\t<div class=\"elementor-widget-wrap elementor-element-populated\">\n\t\t\t\t\t\t<div class=\"elementor-element elementor-element-7263f665 elementor-position-top elementor-invisible elementor-widget elementor-widget-image-box\" data-id=\"7263f665\" data-element_type=\"widget\" data-settings=\"{&quot;_animation&quot;:&quot;fadeInUp&quot;,&quot;_animation_delay&quot;:100}\" data-widget_type=\"image-box.default\">\n\t\t\t\t<div class=\"elementor-widget-container\">\n\t\t\t\t\t<div class=\"elementor-image-box-wrapper\"><figure class=\"elementor-image-box-img\"><img decoding=\"async\" width=\"415\" height=\"224\" src=\"https:\/\/tysilio.com\/wp-content\/uploads\/2021\/06\/TYSILIO_SENEGAL.jpg\" class=\"attachment-full size-full wp-image-7888\" alt=\"\" \/><\/figure><div class=\"elementor-image-box-content\"><h3 class=\"elementor-image-box-title\">Tysilio S\u00e9n\u00e9gal<\/h3><\/div><\/div>\t\t\t\t<\/div>\n\t\t\t\t<\/div>\n\t\t\t\t\t<\/div>\n\t\t<\/div>\n\t\t\t\t<div class=\"elementor-column elementor-col-33 elementor-top-column elementor-element elementor-element-515195ff\" data-id=\"515195ff\" data-element_type=\"column\">\n\t\t\t<div class=\"elementor-widget-wrap elementor-element-populated\">\n\t\t\t\t\t\t<div class=\"elementor-element elementor-element-4860b35c elementor-position-top elementor-invisible elementor-widget elementor-widget-image-box\" data-id=\"4860b35c\" data-element_type=\"widget\" data-settings=\"{&quot;_animation&quot;:&quot;fadeInUp&quot;,&quot;_animation_delay&quot;:0}\" data-widget_type=\"image-box.default\">\n\t\t\t\t<div class=\"elementor-widget-container\">\n\t\t\t\t\t<div class=\"elementor-image-box-wrapper\"><figure class=\"elementor-image-box-img\"><img decoding=\"async\" width=\"415\" height=\"224\" src=\"https:\/\/tysilio.com\/wp-content\/uploads\/2021\/06\/TYSULION_DEUTCHLAND.jpg\" class=\"attachment-full size-full wp-image-7889\" alt=\"\" \/><\/figure><div class=\"elementor-image-box-content\"><h3 class=\"elementor-image-box-title\">Tysilio Deutschland<\/h3><\/div><\/div>\t\t\t\t<\/div>\n\t\t\t\t<\/div>\n\t\t\t\t\t<\/div>\n\t\t<\/div>\n\t\t\t\t\t<\/div>\n\t\t<\/section>\n\t\t\t\t<section class=\"elementor-section elementor-top-section elementor-element elementor-element-3ec93909 section-infos-filiales pt-10 pb-10 elementor-section-full_width elementor-section-height-default elementor-section-height-default wpr-particle-no wpr-jarallax-no wpr-parallax-no wpr-sticky-section-no\" data-id=\"3ec93909\" data-element_type=\"section\">\n\t\t\t\t\t\t<div class=\"elementor-container elementor-column-gap-default\">\n\t\t\t\t\t<div class=\"elementor-column elementor-col-50 elementor-top-column elementor-element elementor-element-487a834e\" data-id=\"487a834e\" data-element_type=\"column\">\n\t\t\t<div class=\"elementor-widget-wrap elementor-element-populated\">\n\t\t\t\t\t\t<div class=\"elementor-element elementor-element-797283bb elementor-position-top elementor-invisible elementor-widget elementor-widget-image-box\" data-id=\"797283bb\" data-element_type=\"widget\" data-settings=\"{&quot;_animation&quot;:&quot;fadeInUp&quot;,&quot;_animation_delay&quot;:200}\" data-widget_type=\"image-box.default\">\n\t\t\t\t<div class=\"elementor-widget-container\">\n\t\t\t\t\t<div class=\"elementor-image-box-wrapper\"><figure class=\"elementor-image-box-img\"><img loading=\"lazy\" decoding=\"async\" width=\"415\" height=\"224\" src=\"https:\/\/tysilio.com\/wp-content\/uploads\/2021\/06\/TYSILIO_MALI.jpg\" class=\"attachment-full size-full wp-image-7890\" alt=\"\" \/><\/figure><div class=\"elementor-image-box-content\"><h3 class=\"elementor-image-box-title\">Tysilio Mali<\/h3><\/div><\/div>\t\t\t\t<\/div>\n\t\t\t\t<\/div>\n\t\t\t\t\t<\/div>\n\t\t<\/div>\n\t\t\t\t<div class=\"elementor-column elementor-col-50 elementor-top-column elementor-element elementor-element-14df455\" data-id=\"14df455\" data-element_type=\"column\">\n\t\t\t<div class=\"elementor-widget-wrap elementor-element-populated\">\n\t\t\t\t\t\t<div class=\"elementor-element elementor-element-2d92ec6 elementor-invisible elementor-widget elementor-widget-image-box\" data-id=\"2d92ec6\" data-element_type=\"widget\" data-settings=\"{&quot;_animation&quot;:&quot;fadeInUp&quot;,&quot;_animation_delay&quot;:200}\" data-widget_type=\"image-box.default\">\n\t\t\t\t<div class=\"elementor-widget-container\">\n\t\t\t\t\t<div class=\"elementor-image-box-wrapper\"><div class=\"elementor-image-box-content\"><h3 class=\"elementor-image-box-title\">Tysilio Togo<\/h3><\/div><\/div>\t\t\t\t<\/div>\n\t\t\t\t<\/div>\n\t\t\t\t\t<\/div>\n\t\t<\/div>\n\t\t\t\t\t<\/div>\n\t\t<\/section>\n\t\t\t\t<section class=\"elementor-section elementor-top-section elementor-element elementor-element-5bb11a11 elementor-section-boxed elementor-section-height-default elementor-section-height-default wpr-particle-no wpr-jarallax-no wpr-parallax-no wpr-sticky-section-no\" data-id=\"5bb11a11\" data-element_type=\"section\" data-settings=\"{&quot;background_background&quot;:&quot;classic&quot;}\">\n\t\t\t\t\t\t<div class=\"elementor-container elementor-column-gap-default\">\n\t\t\t\t\t<div class=\"elementor-column elementor-col-100 elementor-top-column elementor-element elementor-element-7d783c84\" data-id=\"7d783c84\" data-element_type=\"column\">\n\t\t\t<div class=\"elementor-widget-wrap elementor-element-populated\">\n\t\t\t\t\t\t<div class=\"elementor-element elementor-element-486cea4d elementor-align-center elementor-widget elementor-widget-button\" data-id=\"486cea4d\" data-element_type=\"widget\" data-widget_type=\"button.default\">\n\t\t\t\t<div class=\"elementor-widget-container\">\n\t\t\t\t\t\t\t\t\t<div class=\"elementor-button-wrapper\">\n\t\t\t\t\t<a class=\"elementor-button elementor-button-link elementor-size-md\" href=\"https:\/\/wattplace.tysilio.com\/register\">\n\t\t\t\t\t\t<span class=\"elementor-button-content-wrapper\">\n\t\t\t\t\t\t\t\t\t<span class=\"elementor-button-text\">I WANT TO DISCOVER MY PHOTOVOLTAIC POTENTIAL<\/span>\n\t\t\t\t\t<\/span>\n\t\t\t\t\t<\/a>\n\t\t\t\t<\/div>\n\t\t\t\t\t\t\t\t<\/div>\n\t\t\t\t<\/div>\n\t\t\t\t\t<\/div>\n\t\t<\/div>\n\t\t\t\t\t<\/div>\n\t\t<\/section>\n\t\t\t\t<\/div>","protected":false},"excerpt":{"rendered":"<p>Contact Tysilio is the specialist in self-consumption solar solutions. It provides reliable and competitive electricity supply solutions to any company connected to a poor-quality grid, expensive or using generators. CAPTCHA : 5 + 4 = Send France + 33 7 83 84 70 71 France info@tysilio.com S\u00e9n\u00e9gal + 221 77 757 88 49 Dakar, S\u00e9n\u00e9gal couston@tysilio.com Mali +49 17645 917780 Faladj\u00e8 sema, rue 816, porte 1364 Bureau F2 \u2013 Bamako, Mali info@tysilio.com Togo +228 70 19 72 51 Lom\u00e9, Togo info@tysilio.com Allemagne + 49 1765 917780 Wermelskirchen, Allemagne juin@tysilio.com Tysilio Development + 49 17645 917780 \/ + 33 7 83 84 70 71 Technop\u00f4le de l&#8217;Environnement av. Louis Philiber 13100 Aix-en-Provence, France info[at]tysilio.com Tysilio S\u00e9n\u00e9gal +221 77 364 15 50 Dakar, S\u00e9n\u00e9gal degrave[at]tysilio.com Tysilio Deutschland + 49 17645 917780 Wermelskirchen, Allemagne juin[at]tysilio.com Tysilio Mali + 223 63 71 49 49 Faladj\u00e8 sema, rue 816, porte 1364 Bureau F2 \u2013 BAMAKO, MALI sosso[at]tysilio.com Tysilio Togo + 228 70 19 72 51 Lom\u00e9, Togo oneill[at]tysilio.com I WANT TO DISCOVER MY PHOTOVOLTAIC POTENTIAL<\/p>","protected":false},"author":1,"featured_media":0,"parent":0,"menu_order":17,"comment_status":"closed","ping_status":"closed","template":"","meta":{"_acf_changed":false,"inline_featured_image":false,"footnotes":""},"class_list":["post-9001","page","type-page","status-publish","hentry","cms-has-post-thumbnail"],"acf":[],"aioseo_notices":[],"_links":{"self":[{"href":"https:\/\/tysilio.com\/en\/wp-json\/wp\/v2\/pages\/9001","targetHints":{"allow":["GET"]}}],"collection":[{"href":"https:\/\/tysilio.com\/en\/wp-json\/wp\/v2\/pages"}],"about":[{"href":"https:\/\/tysilio.com\/en\/wp-json\/wp\/v2\/types\/page"}],"author":[{"embeddable":true,"href":"https:\/\/tysilio.com\/en\/wp-json\/wp\/v2\/users\/1"}],"replies":[{"embeddable":true,"href":"https:\/\/tysilio.com\/en\/wp-json\/wp\/v2\/comments?post=9001"}],"version-history":[{"count":84,"href":"https:\/\/tysilio.com\/en\/wp-json\/wp\/v2\/pages\/9001\/revisions"}],"predecessor-version":[{"id":12583,"href":"https:\/\/tysilio.com\/en\/wp-json\/wp\/v2\/pages\/9001\/revisions\/12583"}],"wp:attachment":[{"href":"https:\/\/tysilio.com\/en\/wp-json\/wp\/v2\/media?parent=9001"}],"curies":[{"name":"wp","href":"https:\/\/api.w.org\/{rel}","templated":true}]}}