{"id":8518,"date":"2021-06-22T19:11:27","date_gmt":"2021-06-22T17:11:27","guid":{"rendered":"https:\/\/tysilio.com\/?page_id=8518"},"modified":"2023-04-12T22:56:42","modified_gmt":"2023-04-12T20:56:42","slug":"impact","status":"publish","type":"page","link":"https:\/\/tysilio.com\/en\/impact\/","title":{"rendered":"Impact"},"content":{"rendered":"<div data-elementor-type=\"wp-page\" data-elementor-id=\"8518\" class=\"elementor elementor-8518\" data-elementor-post-type=\"page\">\n\t\t\t\t\t\t<section class=\"elementor-section elementor-top-section elementor-element elementor-element-7bdbd21c pt-15 pb-15 elementor-section-boxed elementor-section-height-default elementor-section-height-default wpr-particle-no wpr-jarallax-no wpr-parallax-no wpr-sticky-section-no\" data-id=\"7bdbd21c\" data-element_type=\"section\">\n\t\t\t\t\t\t<div class=\"elementor-container elementor-column-gap-default\">\n\t\t\t\t\t<div class=\"elementor-column elementor-col-100 elementor-top-column elementor-element elementor-element-380f42b4\" data-id=\"380f42b4\" data-element_type=\"column\">\n\t\t\t<div class=\"elementor-widget-wrap elementor-element-populated\">\n\t\t\t\t\t\t<div class=\"elementor-element elementor-element-470d97b2 intro du-texte elementor-widget elementor-widget-text-editor\" data-id=\"470d97b2\" data-element_type=\"widget\" data-widget_type=\"text-editor.default\">\n\t\t\t\t<div class=\"elementor-widget-container\">\n\t\t\t\t\t\t\t\t\tIn addition to being one of the <b>least polluting energies<\/b> for the production of electricity, the scope of solar energy goes beyond the preservation of the environment. <b>Solar energy also contributes to economic and social development.<\/b><br>By choosing solar energy with Tysilio, you can be sure that your decision will have an even greater impact.\t\t\t\t\t\t\t\t<\/div>\n\t\t\t\t<\/div>\n\t\t\t\t\t<\/div>\n\t\t<\/div>\n\t\t\t\t\t<\/div>\n\t\t<\/section>\n\t\t\t\t<section class=\"elementor-section elementor-top-section elementor-element elementor-element-27128f89 elementor-section-stretched blocs-alternes elementor-section-boxed elementor-section-height-default elementor-section-height-default wpr-particle-no wpr-jarallax-no wpr-parallax-no wpr-sticky-section-no\" data-id=\"27128f89\" data-element_type=\"section\" data-settings=\"{&quot;stretch_section&quot;:&quot;section-stretched&quot;,&quot;background_background&quot;:&quot;classic&quot;}\">\n\t\t\t\t\t\t<div class=\"elementor-container elementor-column-gap-default\">\n\t\t\t\t\t<div class=\"elementor-column elementor-col-100 elementor-top-column elementor-element elementor-element-5902317b\" data-id=\"5902317b\" data-element_type=\"column\">\n\t\t\t<div class=\"elementor-widget-wrap elementor-element-populated\">\n\t\t\t\t\t\t<section class=\"elementor-section elementor-inner-section elementor-element elementor-element-871c70b elementor-section-boxed elementor-section-height-default elementor-section-height-default wpr-particle-no wpr-jarallax-no wpr-parallax-no wpr-sticky-section-no\" data-id=\"871c70b\" data-element_type=\"section\">\n\t\t\t\t\t\t<div class=\"elementor-container elementor-column-gap-default\">\n\t\t\t\t\t<div class=\"elementor-column elementor-col-100 elementor-inner-column elementor-element elementor-element-42d90088 elementor-invisible\" data-id=\"42d90088\" data-element_type=\"column\" data-settings=\"{&quot;background_background&quot;:&quot;classic&quot;,&quot;animation&quot;:&quot;fadeIn&quot;}\">\n\t\t\t<div class=\"elementor-widget-wrap elementor-element-populated\">\n\t\t\t\t\t\t<div class=\"elementor-element elementor-element-320f981d pt-0 elementor-widget elementor-widget-text-editor\" data-id=\"320f981d\" data-element_type=\"widget\" data-widget_type=\"text-editor.default\">\n\t\t\t\t<div class=\"elementor-widget-container\">\n\t\t\t\t\t\t\t\t\t<p>Tysilio designs and installs <b>high quality sustainable solutions<\/b> that comply with international standards and aims to use environmentally friendly products while working with environmentally friendly partners.<\/p>\t\t\t\t\t\t\t\t<\/div>\n\t\t\t\t<\/div>\n\t\t\t\t<div class=\"elementor-element elementor-element-fca1f5e elementor-widget elementor-widget-text-editor\" data-id=\"fca1f5e\" data-element_type=\"widget\" data-widget_type=\"text-editor.default\">\n\t\t\t\t<div class=\"elementor-widget-container\">\n\t\t\t\t\t\t\t\t\t<p>It is Tysilio&#8217;s objective to install its solutions in locations where solar energy is also a source of <b>economic development<\/b> for its immediate customers and other stakeholders on the value chain. To maximise this impact, we rely on our <b>local partners<\/b> and do our best to offer our solutions at a <b>fair price<\/b>.<\/p>\t\t\t\t\t\t\t\t<\/div>\n\t\t\t\t<\/div>\n\t\t\t\t\t<\/div>\n\t\t<\/div>\n\t\t\t\t\t<\/div>\n\t\t<\/section>\n\t\t\t\t\t<\/div>\n\t\t<\/div>\n\t\t\t\t\t<\/div>\n\t\t<\/section>\n\t\t\t\t<section class=\"elementor-section elementor-top-section elementor-element elementor-element-1742b7cc pt-15 pb-15 qec elementor-section-boxed elementor-section-height-default elementor-section-height-default wpr-particle-no wpr-jarallax-no wpr-parallax-no wpr-sticky-section-no\" data-id=\"1742b7cc\" data-element_type=\"section\">\n\t\t\t\t\t\t<div class=\"elementor-container elementor-column-gap-default\">\n\t\t\t\t\t<div class=\"elementor-column elementor-col-100 elementor-top-column elementor-element elementor-element-54abefb2\" data-id=\"54abefb2\" data-element_type=\"column\">\n\t\t\t<div class=\"elementor-widget-wrap elementor-element-populated\">\n\t\t\t\t\t\t<div class=\"elementor-element elementor-element-35b2c735 elementor-widget elementor-widget-spacer\" data-id=\"35b2c735\" data-element_type=\"widget\" data-widget_type=\"spacer.default\">\n\t\t\t\t<div class=\"elementor-widget-container\">\n\t\t\t\t\t\t\t<div class=\"elementor-spacer\">\n\t\t\t<div class=\"elementor-spacer-inner\"><\/div>\n\t\t<\/div>\n\t\t\t\t\t\t<\/div>\n\t\t\t\t<\/div>\n\t\t\t\t<div class=\"elementor-element elementor-element-67850aaf elementor-widget elementor-widget-spacer\" data-id=\"67850aaf\" data-element_type=\"widget\" data-widget_type=\"spacer.default\">\n\t\t\t\t<div class=\"elementor-widget-container\">\n\t\t\t\t\t\t\t<div class=\"elementor-spacer\">\n\t\t\t<div class=\"elementor-spacer-inner\"><\/div>\n\t\t<\/div>\n\t\t\t\t\t\t<\/div>\n\t\t\t\t<\/div>\n\t\t\t\t\t<\/div>\n\t\t<\/div>\n\t\t\t\t\t<\/div>\n\t\t<\/section>\n\t\t\t\t<section class=\"elementor-section elementor-top-section elementor-element elementor-element-1c962438 elementor-section-full_width elementor-section-stretched elementor-section-height-default elementor-section-height-default wpr-particle-no wpr-jarallax-no wpr-parallax-no wpr-sticky-section-no\" data-id=\"1c962438\" data-element_type=\"section\" data-settings=\"{&quot;stretch_section&quot;:&quot;section-stretched&quot;}\">\n\t\t\t\t\t\t<div class=\"elementor-container elementor-column-gap-default\">\n\t\t\t\t\t<div class=\"elementor-column elementor-col-100 elementor-top-column elementor-element elementor-element-133608dd\" data-id=\"133608dd\" data-element_type=\"column\">\n\t\t\t<div class=\"elementor-widget-wrap elementor-element-populated\">\n\t\t\t\t\t\t<div class=\"elementor-element elementor-element-596acdcd elementor-align-center elementor-widget elementor-widget-button\" data-id=\"596acdcd\" data-element_type=\"widget\" data-widget_type=\"button.default\">\n\t\t\t\t<div class=\"elementor-widget-container\">\n\t\t\t\t\t\t\t\t\t<div class=\"elementor-button-wrapper\">\n\t\t\t\t\t<a class=\"elementor-button elementor-button-link elementor-size-xl\" href=\"https:\/\/tysilio.com\/en\/contact-us\/\">\n\t\t\t\t\t\t<span class=\"elementor-button-content-wrapper\">\n\t\t\t\t\t\t<span class=\"elementor-button-icon\">\n\t\t\t\t<i aria-hidden=\"true\" class=\"cmsi cmsi-chevron-right\"><\/i>\t\t\t<\/span>\n\t\t\t\t\t\t\t\t\t<span class=\"elementor-button-text\">EVALUATE YOUR PHOTOVOLTAIC POTENTIAL<\/span>\n\t\t\t\t\t<\/span>\n\t\t\t\t\t<\/a>\n\t\t\t\t<\/div>\n\t\t\t\t\t\t\t\t<\/div>\n\t\t\t\t<\/div>\n\t\t\t\t\t<\/div>\n\t\t<\/div>\n\t\t\t\t\t<\/div>\n\t\t<\/section>\n\t\t\t\t<section class=\"elementor-section elementor-top-section elementor-element elementor-element-1b5af974 post-a-la-une elementor-section-boxed elementor-section-height-default elementor-section-height-default wpr-particle-no wpr-jarallax-no wpr-parallax-no wpr-sticky-section-no\" data-id=\"1b5af974\" data-element_type=\"section\">\n\t\t\t\t\t\t<div class=\"elementor-container elementor-column-gap-default\">\n\t\t\t\t\t<div class=\"elementor-column elementor-col-100 elementor-top-column elementor-element elementor-element-254f011a\" data-id=\"254f011a\" data-element_type=\"column\">\n\t\t\t<div class=\"elementor-widget-wrap\">\n\t\t\t\t\t\t\t<\/div>\n\t\t<\/div>\n\t\t\t\t\t<\/div>\n\t\t<\/section>\n\t\t\t\t<section class=\"elementor-section elementor-top-section elementor-element elementor-element-280ad8db elementor-section-stretched bg-primary_ pt-15 pb-15 elementor-section-boxed elementor-section-height-default elementor-section-height-default wpr-particle-no wpr-jarallax-no wpr-parallax-no wpr-sticky-section-no\" data-id=\"280ad8db\" data-element_type=\"section\" data-settings=\"{&quot;stretch_section&quot;:&quot;section-stretched&quot;,&quot;background_background&quot;:&quot;classic&quot;}\">\n\t\t\t\t\t\t\t<div class=\"elementor-background-overlay\"><\/div>\n\t\t\t\t\t\t\t<div class=\"elementor-container elementor-column-gap-default\">\n\t\t\t\t\t<div class=\"elementor-column elementor-col-100 elementor-top-column elementor-element elementor-element-62727ccd\" data-id=\"62727ccd\" data-element_type=\"column\">\n\t\t\t<div class=\"elementor-widget-wrap elementor-element-populated\">\n\t\t\t\t\t\t\t<\/div>\n\t\t<\/div>\n\t\t\t\t\t<\/div>\n\t\t<\/section>\n\t\t\t\t<\/div>","protected":false},"excerpt":{"rendered":"<p>In addition to being one of the least polluting energies for the production of electricity, the scope of solar energy goes beyond the preservation of the environment. Solar energy also contributes to economic and social development.By choosing solar energy with Tysilio, you can be sure that your decision will have an even greater impact. Environnemental Impact Today, solar energy is the most environmentally friendly source of energy and contributes to its preservation. Wherever they are installed, photovoltaic panels have a positive carbon footprint, which helps combat global warming. Using clean, sustainable and responsible energy is essential for the future of the planet and of each individual. . Tysilio designs and installs high quality sustainable solutions that comply with international standards and aims to use environmentally friendly products while working with environmentally friendly partners. Economical Impact Solar energy contributes to the economy and to decentralised local development. Up to half the cost of diesel, it is also competitive and an economical alternative to other energy sources such as hydrocarbons, which are widely used in sub-Saharan Africa. The revenues and gains generated by solar energy should benefit not only the customers but also the local actors. It is Tysilio&#8217;s objective to install its solutions in locations where solar energy is also a source of economic development for its immediate customers and other stakeholders on the value chain. To maximise this impact, we rely on our local partners and do our best to offer our solutions at a fair price. Social impact Solar has a direct impact on social development. By providing sustainable energy in areas where there is little or no energy, solar ensures the sustainability of essential services such as health centers, hospitals, schools, etc. Tysilio ensures that solar energy is compatible with different uses and useful to all stakeholders in society. We have carried out projects for various social organisations Quelques \u00e9tudes de cas Toitures inclin\u00e9es Solarisation d&#8217;une toiture en copropri\u00e9t\u00e9 TSS D\u00e9ploiement d&#8217;une centrale au c\u0153ur d&#8217;un site industriel Toitures inclin\u00e9es Solarisation d&#8217;une toiture en copropri\u00e9t\u00e9 Voir plus EVALUATE YOUR PHOTOVOLTAIC POTENTIAL Autoconsommation, Batterie 24 novembre 2022 jonathan Tysilio acc\u00e9l\u00e8re sur les projets avec stockage Tout Lest\u00e9es au sol Toitures inclin\u00e9es TSS Toitures inclin\u00e9es Solarisation d&#8217;une toiture en copropri\u00e9t\u00e9 D\u00e9tails TSS D\u00e9ploiement d&#8217;une centrale au c\u0153ur d&#8217;un site industriel D\u00e9tails&#8230; Read more Location Tysilio vous loue une installation photovolta\u00efque afin d\u2019all\u00e9ger votre investissement financier. Plus Conseil Tysilio \u00e9value et valorise votre potentiel \u00e9nerg\u00e9tique en \u00e9laborant une strat\u00e9gie efficace et durable. Plus Installation cl\u00e9 en main Tysilio supervise votre transition \u00e9nerg\u00e9tique et s\u2019occupe de votre projet dans son int\u00e9gralit\u00e9. Plus<\/p>","protected":false},"author":1,"featured_media":0,"parent":0,"menu_order":5,"comment_status":"closed","ping_status":"closed","template":"","meta":{"_acf_changed":false,"inline_featured_image":false,"footnotes":""},"class_list":["post-8518","page","type-page","status-publish","hentry","cms-has-post-thumbnail"],"acf":[],"aioseo_notices":[],"_links":{"self":[{"href":"https:\/\/tysilio.com\/en\/wp-json\/wp\/v2\/pages\/8518","targetHints":{"allow":["GET"]}}],"collection":[{"href":"https:\/\/tysilio.com\/en\/wp-json\/wp\/v2\/pages"}],"about":[{"href":"https:\/\/tysilio.com\/en\/wp-json\/wp\/v2\/types\/page"}],"author":[{"embeddable":true,"href":"https:\/\/tysilio.com\/en\/wp-json\/wp\/v2\/users\/1"}],"replies":[{"embeddable":true,"href":"https:\/\/tysilio.com\/en\/wp-json\/wp\/v2\/comments?post=8518"}],"version-history":[{"count":73,"href":"https:\/\/tysilio.com\/en\/wp-json\/wp\/v2\/pages\/8518\/revisions"}],"predecessor-version":[{"id":12292,"href":"https:\/\/tysilio.com\/en\/wp-json\/wp\/v2\/pages\/8518\/revisions\/12292"}],"wp:attachment":[{"href":"https:\/\/tysilio.com\/en\/wp-json\/wp\/v2\/media?parent=8518"}],"curies":[{"name":"wp","href":"https:\/\/api.w.org\/{rel}","templated":true}]}}